{"id":57,"date":"2019-04-18T09:56:42","date_gmt":"2019-04-18T09:56:42","guid":{"rendered":"https:\/\/anmeldung.cbstrainings.de\/?page_id=57"},"modified":"2025-12-12T06:36:53","modified_gmt":"2025-12-12T06:36:53","slug":"start-2","status":"publish","type":"page","link":"https:\/\/anmeldung.cbstrainings.de\/","title":{"rendered":"Start"},"content":{"rendered":"\r\n<figure class=\"wp-block-image\"><img loading=\"lazy\" decoding=\"async\" width=\"400\" height=\"200\" class=\"wp-image-43\" src=\"https:\/\/anmeldung.cbstrainings.de\/wp-content\/uploads\/2019\/04\/cbstrainings_logo_transparent_small.png\" alt=\"\" srcset=\"https:\/\/anmeldung.cbstrainings.de\/wp-content\/uploads\/2019\/04\/cbstrainings_logo_transparent_small.png 400w, https:\/\/anmeldung.cbstrainings.de\/wp-content\/uploads\/2019\/04\/cbstrainings_logo_transparent_small-300x150.png 300w\" sizes=\"auto, (max-width: 400px) 100vw, 400px\" \/><\/figure>\r\n\r\n\r\n\r\n<h1 class=\"wp-block-heading\">Willkommen bei CBS Trainings!<\/h1>\r\n\r\n\r\n\r\n<p>DEIN Pr\u00fcfungsvorbereitungskurs f\u00fcr die <strong>neue IT-Abschlusspr\u00fcfung (Teil 1, Teil 2)\u00a0<\/strong><\/p>\r\n\r\n\r\n\r\n<h2>CBSTrainings: In Pr\u00e4senz, mit viel KnowHow!<\/h2>\r\n<p>Unsere Kurse finden in Pr\u00e4senz statt, weil wir in dieser Form seit Jahren die besten Ergebnisse bei den Teilnehmer:innen garantieren k\u00f6nnen.<br \/>Unsere Trainer sind seit vielen Jahren mit IHK Abschlusspr\u00fcfungen vertraut.<\/p>\r\n<p>Die Vorbereitung findet in gut ausgestatteten R\u00e4umen statt: Notebooks, Beamer, WLAN, frischer Kaffee \ud83d\ude09\u00a0<\/p>\r\n<h2>Unsere Zeiten:<\/h2>\r\n<ul>\r\n<li>Mittwochs, 18.00 &#8211; 21.00 Uhr<\/li>\r\n<li>Samstags, 08.00 bis 15.00 Uhr<\/li>\r\n<\/ul>\r\n<h2>Unsere R\u00e4ume:<\/h2>\r\n<ul>\r\n<li>Raum A302<\/li>\r\n<li>Raum A310<\/li>\r\n<li>Raum A304<\/li>\r\n<\/ul>\r\n<p>Alle in der CBS Koblenz (Beatusstr. 143-147, 56073 Koblenz)<\/p>\r\n<h2>Unsere Preise:<\/h2>\r\n<ul>\r\n<li><strong>Teil 1: 279,-\u20ac<\/strong> <br \/>(30 Stunden: also<em> 9,30 \u20ac \/ Stunde<\/em>)<\/li>\r\n<li><strong>Teil 2: 599,-\u20ac<\/strong> <br \/>(62 Stunden: also <em>9,66 \u20ac \/ Stunde<\/em>)<\/li>\r\n<\/ul>\r\n<h2>Aktuelle Kurse, die gebucht werden k\u00f6nnen:<\/h2>\r\n\n<div class=\"wpcf7 no-js\" id=\"wpcf7-f6-o1\" lang=\"de-DE\" dir=\"ltr\" data-wpcf7-id=\"6\">\n<div class=\"screen-reader-response\"><p role=\"status\" aria-live=\"polite\" aria-atomic=\"true\"><\/p> <ul><\/ul><\/div>\n<form action=\"\/index.php?rest_route=%2Fwp%2Fv2%2Fpages%2F57#wpcf7-f6-o1\" method=\"post\" class=\"wpcf7-form init\" aria-label=\"Kontaktformular\" novalidate=\"novalidate\" data-status=\"init\">\n<fieldset class=\"hidden-fields-container\"><input type=\"hidden\" name=\"_wpcf7\" value=\"6\" \/><input type=\"hidden\" name=\"_wpcf7_version\" value=\"6.1.5\" \/><input type=\"hidden\" name=\"_wpcf7_locale\" value=\"de_DE\" \/><input type=\"hidden\" name=\"_wpcf7_unit_tag\" value=\"wpcf7-f6-o1\" \/><input type=\"hidden\" name=\"_wpcf7_container_post\" value=\"0\" \/><input type=\"hidden\" name=\"_wpcf7_posted_data_hash\" value=\"\" \/>\n<\/fieldset>\n<p><label> Gew\u00fcnschter Vorbereitungskurs<\/label><br \/>\n<span class=\"wpcf7-form-control-wrap\" data-name=\"auswahl-kurs\"><select class=\"wpcf7-form-control wpcf7-select wpcf7-validates-as-required\" aria-required=\"true\" aria-invalid=\"false\" name=\"auswahl-kurs\"><option value=\"passenden Kurs w\u00e4hlen\">passenden Kurs w\u00e4hlen<\/option><option value=\"Teil 1 (Regul\u00e4r) 10.01.26 - 24.01.26\">Teil 1 (Regul\u00e4r) 10.01.26 - 24.01.26<\/option><option value=\"Teil 2 (Regul\u00e4r) 08.02.26 - 28.03.26\">Teil 2 (Regul\u00e4r) 08.02.26 - 28.03.26<\/option><\/select><\/span>\n<\/p>\n<p><label> Dein Nachname (Pflichtfeld)<br \/>\n<span class=\"wpcf7-form-control-wrap\" data-name=\"your-name\"><input size=\"40\" maxlength=\"400\" class=\"wpcf7-form-control wpcf7-text wpcf7-validates-as-required\" aria-required=\"true\" aria-invalid=\"false\" value=\"\" type=\"text\" name=\"your-name\" \/><\/span> <\/label>\n<\/p>\n<p><label> Dein Vorname (Pflichtfeld)<br \/>\n<span class=\"wpcf7-form-control-wrap\" data-name=\"text-vorname\"><input size=\"40\" maxlength=\"400\" class=\"wpcf7-form-control wpcf7-text wpcf7-validates-as-required\" aria-required=\"true\" aria-invalid=\"false\" value=\"\" type=\"text\" name=\"text-vorname\" \/><\/span> <\/label>\n<\/p>\n<p><label> Dein Ausbildungsberuf<\/label>\n<\/p>\n<p><span class=\"wpcf7-form-control-wrap\" data-name=\"auswahl-beruf\"><select class=\"wpcf7-form-control wpcf7-select wpcf7-validates-as-required\" aria-required=\"true\" aria-invalid=\"false\" name=\"auswahl-beruf\"><option value=\"FI-Anwendungsentwicklung\">FI-Anwendungsentwicklung<\/option><option value=\"FI-Systemintegration\">FI-Systemintegration<\/option><option value=\"Systemelektroniker\">Systemelektroniker<\/option><\/select><\/span>\n<\/p>\n<p><label> Deine E-Mail-Adresse (Pflichtfeld)<br \/>\n<span class=\"wpcf7-form-control-wrap\" data-name=\"your-email\"><input size=\"40\" maxlength=\"400\" class=\"wpcf7-form-control wpcf7-email wpcf7-validates-as-required wpcf7-text wpcf7-validates-as-email\" aria-required=\"true\" aria-invalid=\"false\" value=\"\" type=\"email\" name=\"your-email\" \/><\/span> <\/label>\n<\/p>\n<p><label>F\u00fcr die Rechnung <\/label><br \/>\n<span class=\"wpcf7-form-control-wrap\" data-name=\"radio-wer-zahlt\"><span class=\"wpcf7-form-control wpcf7-radio\"><span class=\"wpcf7-list-item first\"><input type=\"radio\" name=\"radio-wer-zahlt\" value=\"Betrieb zahlt\" checked=\"checked\" \/><span class=\"wpcf7-list-item-label\">Betrieb zahlt<\/span><\/span><span class=\"wpcf7-list-item last\"><input type=\"radio\" name=\"radio-wer-zahlt\" value=\"Ich zahle selbst\" \/><span class=\"wpcf7-list-item-label\">Ich zahle selbst<\/span><\/span><\/span><\/span>\n<\/p>\n<p><label> Firmen-Name (Pflichtfeld)<br \/>\n<span class=\"wpcf7-form-control-wrap\" data-name=\"text-firma\"><input size=\"40\" maxlength=\"400\" class=\"wpcf7-form-control wpcf7-text wpcf7-validates-as-required\" aria-required=\"true\" aria-invalid=\"false\" value=\"\" type=\"text\" name=\"text-firma\" \/><\/span> <\/label><br \/>\n<label> Ansprechpartner (Firma)<br \/>\n<span class=\"wpcf7-form-control-wrap\" data-name=\"text-firmaansprechpartner\"><input size=\"40\" maxlength=\"400\" class=\"wpcf7-form-control wpcf7-text\" aria-invalid=\"false\" value=\"\" type=\"text\" name=\"text-firmaansprechpartner\" \/><\/span> <\/label><br \/>\n<label> E-Mail-Adresse Ausbildungsbetrieb<br \/>\n<span class=\"wpcf7-form-control-wrap\" data-name=\"email-firma\"><input size=\"40\" maxlength=\"400\" class=\"wpcf7-form-control wpcf7-email wpcf7-text wpcf7-validates-as-email\" aria-invalid=\"false\" value=\"Wenn die Rechnung an die Firma geschickt werden soll\" type=\"email\" name=\"email-firma\" \/><\/span><\/label>\n<\/p>\n<p><label> Firma: Stra\u00dfe\/Nr.<br \/>\n<span class=\"wpcf7-form-control-wrap\" data-name=\"text-firmastrasse\"><input size=\"40\" maxlength=\"400\" class=\"wpcf7-form-control wpcf7-text\" aria-invalid=\"false\" value=\"\" type=\"text\" name=\"text-firmastrasse\" \/><\/span> <\/label><br \/>\n<label> Firma: Postleitzahl<br \/>\n<span class=\"wpcf7-form-control-wrap\" data-name=\"text-firmaplz\"><input size=\"40\" maxlength=\"400\" class=\"wpcf7-form-control wpcf7-text\" aria-invalid=\"false\" value=\"\" type=\"text\" name=\"text-firmaplz\" \/><\/span> <\/label><br \/>\n<label> Firma: Ort<br \/>\n<span class=\"wpcf7-form-control-wrap\" data-name=\"text-firmaort\"><input size=\"40\" maxlength=\"400\" class=\"wpcf7-form-control wpcf7-text\" aria-invalid=\"false\" value=\"\" type=\"text\" name=\"text-firmaort\" \/><\/span> <\/label>\n<\/p>\n<p><label> Deine Nachricht<br \/>\n<span class=\"wpcf7-form-control-wrap\" data-name=\"your-message\"><textarea cols=\"40\" rows=\"10\" maxlength=\"2000\" class=\"wpcf7-form-control wpcf7-textarea\" aria-invalid=\"false\" name=\"your-message\"><\/textarea><\/span> <\/label><br \/>\n<span class=\"wpcf7-form-control-wrap\" data-name=\"acceptance-dsgvo\"><span class=\"wpcf7-form-control wpcf7-acceptance optional\"><span class=\"wpcf7-list-item\"><label><input type=\"checkbox\" name=\"acceptance-dsgvo\" value=\"1\" aria-invalid=\"false\" \/><span class=\"wpcf7-list-item-label\">Ich stimme der Verwendung meiner Daten gem\u00e4\u00df der aktuellen DSGVO-Bestimmungen zu<\/span><\/label><\/span><\/span><\/span><br \/>\n<input class=\"wpcf7-form-control wpcf7-submit has-spinner\" type=\"submit\" value=\"Senden\" \/>\n<\/p><div class=\"wpcf7-response-output\" aria-hidden=\"true\"><\/div>\n<\/form>\n<\/div>\n\r\n<div><!--\r\n<ul>\r\n<li><strong>Pr\u00fcfung Teil 2 (<span class=\"ui-provider a b c d e f g h i j k l m n o p q r s t u v w x y z ab ac ae af ag ah ai aj ak\" dir=\"ltr\">Vorzieher)<\/span><\/strong><br \/>Pr\u00fcfungstag: <strong>Herbst 2024\u00a0<\/strong><br \/>Kurszeitraum: <b><span class=\"ui-provider a b c d e f g h i j k l m n o p q r s t u v w x y z ab ac ae af ag ah ai aj ak\" dir=\"ltr\">31.09.24 - 23.11.2<\/span>4<\/b><b><br \/><\/b>Kursdauer:<b style=\"font-size: 1rem;\"> 56 Stunden<\/b><b style=\"font-size: 1rem;\"><br \/><\/b><br \/><b><\/b><\/li>\r\n<li><strong>Pr\u00fcfung Teil 1 (<span class=\"ui-provider a b c d e f g h i j k l m n o p q r s t u v w x y z ab ac ae af ag ah ai aj ak\" dir=\"ltr\">Regul\u00e4r)<\/span><\/strong><br \/>Pr\u00fcfungstag: <strong>Fr\u00fchjahr 2025\u00a0<\/strong><br \/>Kurszeitraum:<b> <span class=\"ui-provider a b c d e f g h i j k l m n o p q r s t u v w x y z ab ac ae af ag ah ai aj ak\" dir=\"ltr\">11.01.25 - 25.01.25<\/span><br \/><\/b>Kursdauer:<b> 30 Stunden<\/b><b><br \/><br \/><\/b><\/li>\r\n<li><strong>Pr\u00fcfung Teil 2 (<span class=\"ui-provider a b c d e f g h i j k l m n o p q r s t u v w x y z ab ac ae af ag ah ai aj ak\" dir=\"ltr\">Regul\u00e4r)<\/span><\/strong><br \/>Pr\u00fcfungstag: <strong>Sommer 2024<\/strong><br \/>Kurszeitraum:<b> <span class=\"ui-provider a b c d e f g h i j k l m n o p q r s t u v w x y z ab ac ae af ag ah ai aj ak\" dir=\"ltr\">08.02.25 - 12.04.25<\/span><br \/><\/b>Kursdauer:<b> 62 Stunden<\/b><\/li>\r\n<\/ul>\r\n<h2>Kurstage<\/h2>\r\n<p>Kurstage:<b> Mittwochs, 18.00-21.00 Uhr &amp; Samstags 8.00 - 15.00 Uhr<\/b><\/p>\r\n<\/div>\r\n\r\n\r\n\r\n<h1 class=\"wp-block-heading\">Deine Anmeldung zum Pr\u00fcfungsvorbereitungskurs:<\/h1>\r\n\r\n\r\n[contact-form-7 id=\"6\" title=\"Kontaktformular 1\"]\n<p>--&gt;<\/p>\n<p>&nbsp;<\/p>\n<p>&nbsp;<\/p>\n<h2>FAQ: weitere Fragen<\/h2>\n<ul>\n<li><strong>Wo findet der Kurs statt?<\/strong><br \/>Die Kursr\u00e4ume sind im Geb\u00e4ude der<br \/><a href=\"https:\/\/www.google.de\/maps\/dir\/\/Carl-Benz-Schule,+Beatusstr.+143+-147,+56073+Koblenz\/@50.350751,7.564194,17z\/data=!4m12!1m3!3m2!1s0x4173a62918db5c67:0xce1d2f0ef470e9b2!2sCarl-Benz-Schule!4m7!1m0!1m5!1m1!1s0x4173a62918db5c67:0xce1d2f0ef470e9b2!2m2!1d7.564194!2d50.350751\" target=\"_blank\" rel=\"noopener\">Carl Benz Schule Koblenz<\/a>,<br \/>Beatusstr. 143-147,<br \/>56073 Koblenz<br \/>R\u00e4ume:\u00a0 A302, A304, A310\n<\/li>\n<li><strong>Welche Themen werden wann behandelt?<\/strong><br \/><em>Wir von CBS Trainings haben jahrelange Erfahrungen mit IT-Pr\u00fcfungen!<\/em><strong><br \/><\/strong>Wir haben uns auch die neuen IT-Pr\u00fcfungen (Teil 1, Teil2)\u00a0 <br \/>genau unter die Lupe genommen<br \/>und bearbeiten mit Dir\u00a0<em>nur die Themen, die relevant sind!<\/em><br \/>(<em>also keine Lieblingsthemen von Trainern, etc.<\/em>)\n<\/li>\n<li><strong>Findet der Unterricht mit allen Berufen gemeinsam statt?<\/strong><br \/>Es findet Unterricht passend zur Pr\u00fcfung statt:<br \/>Teil 1 wird gemeinsam erarbeitet<br \/>Teil 2 wird zum gro\u00dfen Teil nach Berufen getrennt unterrichtet<br \/><strong>Wichtiger Hinweis:<\/strong> die Anmeldungsbest\u00e4tigung ist ein vorl\u00e4ufiges Dokument.<br \/>Ein nach Berufen getrennter Unterricht \/ Kurs ist erst ab einer <strong>Mindesteilnehmerzahl von 5 Personen<\/strong> m\u00f6glich.\n<\/li>\n<li><strong>Was ist mit Online-Unterricht?!<\/strong>\n<p>Die CBS Koblenz ist seit Jahren eine Smart School,<br \/>beherrscht also Online-Unterricht mit MS Teams und Moodle etc. sehr gut.<\/p>\n<p><em>Trotzdem empfehlen wir den Pr\u00e4senz-Unterricht also Termine vor Ort!<\/em><br \/>Nach unseren Erfahrungen (und Umfrageergebnissen der Teilnehmer:innen) sind die Lernfortschritte deutlich h\u00f6her, wenn Pr\u00e4senzveranstaltungen live und in \"echt\" vor Ort stattfinden.<br \/>In Ausnahmen k\u00f6nnen wir nat\u00fcrlich auf Online-Veranstaltungen wechseln, wenn es aufgrund bestehender Beschr\u00e4nkungen\u00a0 keine Pr\u00e4senzveranstaltung geben darf.<\/p>\n<\/li>\n<li><strong>Bekomme ich passendes Kursmaterial?<\/strong><br \/>Wir nutzen ein eigenes Moodle-System mit passenden online- Inhalten zu den Pr\u00fcfungen (Teil 1, Teil2)<br \/><a href=\"https:\/\/cbstrainings.de\/\" target=\"_blank\" rel=\"noopener\">https:\/\/cbstrainings.de\/\u00a0<\/a>\n<\/li>\n<li><strong>Wie l\u00e4uft die Anmeldung ab?<\/strong><br \/>- Nach der Anmeldung von Dir erh\u00e4ltst du zeitnah eine Best\u00e4tigung per Mail<br \/>- Alle weiteren Informationen (Bezahlung, Rechnung) folgen dann in weiteren Mails<\/li>\n<\/ul>\n<p>\n<\/p>\r\n<\/div>","protected":false},"excerpt":{"rendered":"<p>Willkommen bei CBS Trainings! DEIN Pr\u00fcfungsvorbereitungskurs f\u00fcr die neue IT-Abschlusspr\u00fcfung (Teil 1, Teil 2)\u00a0 CBSTrainings: In Pr\u00e4senz, mit viel KnowHow! Unsere Kurse finden in Pr\u00e4senz statt, weil wir in dieser Form seit Jahren die besten Ergebnisse bei den Teilnehmer:innen garantieren k\u00f6nnen.Unsere Trainer sind seit vielen Jahren mit IHK Abschlusspr\u00fcfungen vertraut. Die Vorbereitung findet in gut &hellip; <\/p>\n<p class=\"link-more\"><a href=\"https:\/\/anmeldung.cbstrainings.de\/\" class=\"more-link\"><span class=\"screen-reader-text\">\u201eStart\u201c <\/span>weiterlesen<\/a><\/p>\n","protected":false},"author":1,"featured_media":0,"parent":0,"menu_order":0,"comment_status":"closed","ping_status":"closed","template":"","meta":{"footnotes":""},"class_list":["post-57","page","type-page","status-publish","hentry"],"_links":{"self":[{"href":"https:\/\/anmeldung.cbstrainings.de\/index.php?rest_route=\/wp\/v2\/pages\/57","targetHints":{"allow":["GET"]}}],"collection":[{"href":"https:\/\/anmeldung.cbstrainings.de\/index.php?rest_route=\/wp\/v2\/pages"}],"about":[{"href":"https:\/\/anmeldung.cbstrainings.de\/index.php?rest_route=\/wp\/v2\/types\/page"}],"author":[{"embeddable":true,"href":"https:\/\/anmeldung.cbstrainings.de\/index.php?rest_route=\/wp\/v2\/users\/1"}],"replies":[{"embeddable":true,"href":"https:\/\/anmeldung.cbstrainings.de\/index.php?rest_route=%2Fwp%2Fv2%2Fcomments&post=57"}],"version-history":[{"count":31,"href":"https:\/\/anmeldung.cbstrainings.de\/index.php?rest_route=\/wp\/v2\/pages\/57\/revisions"}],"predecessor-version":[{"id":113,"href":"https:\/\/anmeldung.cbstrainings.de\/index.php?rest_route=\/wp\/v2\/pages\/57\/revisions\/113"}],"wp:attachment":[{"href":"https:\/\/anmeldung.cbstrainings.de\/index.php?rest_route=%2Fwp%2Fv2%2Fmedia&parent=57"}],"curies":[{"name":"wp","href":"https:\/\/api.w.org\/{rel}","templated":true}]}}